{"id":2653,"date":"2023-09-05T17:17:35","date_gmt":"2023-09-05T15:17:35","guid":{"rendered":"https:\/\/jprietovalles.pruebasweb.com.es\/?page_id=2653"},"modified":"2023-09-12T15:48:35","modified_gmt":"2023-09-12T13:48:35","slug":"avis-legal","status":"publish","type":"page","link":"https:\/\/jprietovalles.com\/ca\/avis-legal\/","title":{"rendered":"Av\u00eds legal"},"content":{"rendered":"<div class=\"fusion-fullwidth fullwidth-box fusion-builder-row-1 fusion-flex-container has-pattern-background has-mask-background nonhundred-percent-fullwidth non-hundred-percent-height-scrolling\" style=\"--awb-border-radius-top-left:0px;--awb-border-radius-top-right:0px;--awb-border-radius-bottom-right:0px;--awb-border-radius-bottom-left:0px;--awb-padding-top:25px;--awb-padding-bottom:8%;--awb-padding-top-medium:45px;--awb-padding-bottom-medium:72px;--awb-flex-wrap:wrap;\" ><div class=\"fusion-builder-row fusion-row fusion-flex-align-items-center fusion-flex-justify-content-center fusion-flex-content-wrap\" style=\"max-width:1300px;margin-left: calc(-4% \/ 2 );margin-right: calc(-4% \/ 2 );\"><div class=\"fusion-layout-column fusion_builder_column fusion-builder-column-0 fusion_builder_column_4_5 4_5 fusion-flex-column fusion-flex-align-self-center fusion-animated\" style=\"--awb-padding-left-medium:40px;--awb-padding-right-small:20px;--awb-padding-left-small:20px;--awb-bg-size:cover;--awb-border-color:var(--awb-color2);--awb-border-style:solid;--awb-width-large:80%;--awb-margin-top-large:0px;--awb-spacing-right-large:5.4%;--awb-margin-bottom-large:0px;--awb-spacing-left-large:2.4%;--awb-width-medium:80%;--awb-order-medium:0;--awb-spacing-right-medium:5.4%;--awb-spacing-left-medium:2.4%;--awb-width-small:100%;--awb-order-small:0;--awb-spacing-right-small:4.32%;--awb-spacing-left-small:1.92%;\" data-animationType=\"fadeInUp\" data-animationDuration=\"1.3\" data-animationOffset=\"top-into-view\" data-scroll-devices=\"small-visibility,medium-visibility,large-visibility\"><div class=\"fusion-column-wrapper fusion-column-has-shadow fusion-flex-justify-content-center fusion-content-layout-column\"><div class=\"fusion-title title fusion-title-1 fusion-sep-none fusion-title-text fusion-title-size-two\" style=\"--awb-text-color:var(--awb-color2);--awb-margin-top-small:10px;--awb-margin-right-small:0px;--awb-margin-bottom-small:10px;--awb-margin-left-small:0px;\"><h2 class=\"fusion-title-heading title-heading-left\" style=\"margin:0;text-transform:uppercase;line-height:1.3em;\">Aspectos legales<\/h2><\/div><div class=\"fusion-separator\" style=\"align-self: flex-start;margin-right:auto;margin-top:10px;margin-bottom:30px;width:100%;max-width:80px;\"><div class=\"fusion-separator-border sep-single sep-solid\" style=\"--awb-height:20px;--awb-amount:20px;--awb-sep-color:var(--awb-color4);border-color:var(--awb-color4);border-top-width:5px;\"><\/div><\/div><div class=\"fusion-text fusion-text-1\" style=\"--awb-content-alignment:justify;--awb-font-size:18px;\"><p><strong>AVISO LEGAL<\/strong><\/p>\n<p>En cumplimiento con el deber de informaci\u00f3n recogido en art\u00edculo 10 de la Ley 34\/2002, de 11 de julio, de Servicios de la Sociedad de la Informaci\u00f3n y del Comercio Electr\u00f3nico, J.PRIETO VALLES SL (J.PRIETO VALLES SL), le informa que los datos aqu\u00ed consignados corresponden a la entidad titular del sitio web <strong>www.jprietovalles.com<\/strong>.<\/p>\n<p><strong>Denominaci\u00f3n:<\/strong> J.PRIETO VALLES SL<\/p>\n<p><strong>Domicilio:<\/strong> CL. D\u00b4ANTONI GAUDI, 12 \u2013 BJ GRANOLLERS 08403 (BARCELONA)<\/p>\n<p><strong>Tel\u00e9fono:<\/strong> 938497486<\/p>\n<p><strong>Email:<\/strong> jprietovalles@jprietovalles.com<\/p>\n<p><strong>CIF:<\/strong> B61401642<\/p>\n<p><strong>Inscripci\u00f3n registral:<\/strong> Registro Mercantil de Barcelona, Tomo 29914, Folio 0053, Secci\u00f3n General, Hoja 165321.<\/p>\n<p><strong>PROPIEDAD INTELECTUAL E INDUSTRIAL<\/strong><\/p>\n<p>Todos los derechos de Propiedad Industrial e Intelectual de la totalidad de elementos contenidos en esta Web, incluidas las marcas comerciales, formatos, dise\u00f1os gr\u00e1ficos, textos, im\u00e1genes y documentos, pertenecen a J.PRIETO VALLES SL y se encuentran protegidos por las leyes espa\u00f1olas e internacionales sobre propiedad Intelectual e Industrial. Queda expresamente prohibida la reproducci\u00f3n total o parcial de este sitio Web y de cualquiera de sus contenidos sin el permiso expreso y por escrito de J.PRIETO VALLES SL. El acceso al sitio web no implica ning\u00fan tipo de renuncia, transmisi\u00f3n, licencia o cesi\u00f3n de dichos derechos por parte de J.PRIETO VALLES SL, salvo que se establezca expresamente lo contrario.<\/p>\n<p><strong>CONDICIONES DE USO<\/strong><\/p>\n<p>El acceso a este sitio Web implica la aceptaci\u00f3n de estas condiciones de uso sin reservas que regulan el acceso y la utilizaci\u00f3n del mismo con el fin de poner a disposici\u00f3n de los usuarios informaci\u00f3n sobre nuestros productos. Se proh\u00edbe expresamente la utilizaci\u00f3n de los contenidos de este sitio Web para su utilizaci\u00f3n con fines comerciales o para su distribuci\u00f3n, transformaci\u00f3n o comunicaci\u00f3n. J.PRIETO VALLES SL, no responder\u00e1 de ninguna consecuencia, da\u00f1o o perjuicio que pudieran derivarse de dicha utilizaci\u00f3n o uso de la informaci\u00f3n. Tanto el acceso a esta Web como el uso que pueda hacerse de la informaci\u00f3n contenida en la misma es de la exclusiva responsabilidad de quien lo realiza. El usuario se obliga a no utilizar la informaci\u00f3n que se publica en esta Web con fines o efectos il\u00edcitos o lesivos, a no da\u00f1ar o inutilizar la informaci\u00f3n y a no realizar cualquier otra acci\u00f3n que puedan ser contraria al contenido de este Aviso Legal. J.PRIETO VALLES SL no puede asegurar la inexistencia de interrupciones o errores en el acceso a este sitio Web, aunque pondr\u00e1 sus mayores esfuerzos para evitarlos.<\/p>\n<p><strong> POL\u00cdTICA DE PROTECCI\u00d3N DE DATOS <\/strong><\/p>\n<p>En cumplimiento del REGLAMENTO (UE) 2016\/679 DEL PARLAMENTO EUROPEO Y DEL CONSEJO de 27 de Abril de 2016, relativo a la protecci\u00f3n de las personas f\u00edsicas en lo que respecta al tratamiento de datos personales y a la libre circulaci\u00f3n de estos datos y su normativa de desarrollo, se le informa que los datos personales proporcionados por usted ser\u00e1n tratados con las siguientes finalidades:<\/p>\n<p>\u2013 Informarle acerca de nuestros productos y servicios, cuando as\u00ed lo solicite.<\/p>\n<p>\u2013 Dar contestaci\u00f3n y gestionar sus consultas, comentarios y sugerencias, en su caso.<\/p>\n<p>\u2013 Gestionar su participaci\u00f3n en presentes y futuros procesos de selecci\u00f3n, cuando nos haga llegar sus datos (incluido su curr\u00edculo) con dicha finalidad. Cuando iniciemos alg\u00fan proceso de selecci\u00f3n donde pueda encajar su perfil, nos pondremos en contacto con usted. Mantendremos sus datos personales durante un periodo de dos a\u00f1os con el fin de poder contar con su participaci\u00f3n en futuros procesos. A trav\u00e9s de la cumplimentaci\u00f3n de formularios de contacto de la Web o mediante el env\u00edo de correos electr\u00f3nicos o cualquier otro tipo de solicitud de informaci\u00f3n remitida a J.PRIETO VALLES SL, el interesado presta su consentimiento expreso para el tratamiento de sus datos personales. En ning\u00fan caso J.PRIETO VALLES SL, utilizar\u00e1 los datos personales de los interesados para fines distintos de los anteriormente mencionados, ni los comunicar\u00e1 a terceros sin el consentimiento previo y expreso del afectado, y se compromete a guardar el debido secreto profesional y a establecer las medidas t\u00e9cnicas y organizativas necesarias para salvaguardar la informaci\u00f3n conforme a los requerimientos que establece el mencionado Reglamento. J.PRIETO VALLES SL Pag. 7 J.PRIETO VALLES SL CL. D\u00b4ANTONI GAUDI, 12 \u2013 BJ GRANOLLERS 08403 (BARCELONA) Sus datos personales se conservar\u00e1n en nuestros registros durante un periodo de tres a\u00f1os. No obstante, en cualquier momento usted puede solicitar el acceso a sus datos personales y su rectificaci\u00f3n o supresi\u00f3n. As\u00ed como, limitar su tratamiento, o directamente oponerse al tratamiento o ejercer el derecho a la portabilidad de los mismos. Tambi\u00e9n le informamos de su derecho a presentar una reclamaci\u00f3n ante la Agencia Espa\u00f1ola de Protecci\u00f3n de Datos, si considera que en el tratamiento de sus datos no se est\u00e1n respetando sus derechos.<\/p>\n<p><strong>POL\u00cdTICA DE PROTECCI\u00d3N DE MENORES<\/strong><\/p>\n<p>Quien facilita los datos a trav\u00e9s de los formularios de esta Web y acepta su tratamiento declara formalmente ser mayor de 13 a\u00f1os. Queda prohibido el acceso y uso del portal a los menores de 13 a\u00f1os de edad. J.PRIETO VALLES SL recuerda a las personas mayores de edad que tengan a su cargo menores, que ser\u00e1 de su exclusiva responsabilidad si alg\u00fan menor incorpora sus datos para solicitar alg\u00fan producto. Tambi\u00e9n les informa que existen programas inform\u00e1ticos para acotar la navegaci\u00f3n mediante el filtro o bloqueo a determinados contenidos. ENLACES A OTRAS WEBS Los enlaces (links) que puede encontrar en esta Web son un servicio a los usuarios. Estas p\u00e1ginas no son operadas ni controladas por J.PRIETO VALLES SL, por ello, no se hace responsable de los contenidos de esos sitios Web ni est\u00e1n cubiertas por el presente Aviso Legal. Si accede a estas p\u00e1ginas Webs deber\u00e1 tener en cuenta que sus pol\u00edticas de privacidad pueden ser diferentes a la nuestra.<\/p>\n<p><strong>LEGISLACI\u00d3N APLICABLE Y COMPETENCIA JURISDICCIONAL <\/strong><\/p>\n<p>El presente Aviso Legal se rige por la normativa espa\u00f1ola vigente que le es de aplicaci\u00f3n. Para la resoluci\u00f3n de las controversias que pudieran derivarse como consecuencia de lo dispuesto en las presentes disposiciones y sobre su interpretaci\u00f3n, aplicaci\u00f3n y cumplimiento. El usuario, en virtud de la aceptaci\u00f3n de las condiciones recogidas en este Aviso legal, renuncia expresamente a cualquier otro fuero que pudiera corresponderle. En cualquier caso, dentro de la jurisdicci\u00f3n espa\u00f1ola, si la legislaci\u00f3n permitiese someterse a un fuero en concreto, el usuario renuncia expresamente al fuero que pudiera corresponderle y se somete voluntariamente a la jurisdicci\u00f3n de los Juzgados y Tribunales de GRANOLLERS.<\/p>\n<\/div><div class=\"fusion-title title fusion-title-2 fusion-sep-none fusion-title-text fusion-title-size-two\" style=\"--awb-text-color:var(--awb-color2);--awb-margin-top-small:10px;--awb-margin-right-small:0px;--awb-margin-bottom-small:10px;--awb-margin-left-small:0px;\"><h2 class=\"fusion-title-heading title-heading-left\" style=\"margin:0;text-transform:uppercase;line-height:1.3em;\">M\u00e1s informaci\u00f3n<\/h2><\/div><div class=\"fusion-separator\" style=\"align-self: flex-start;margin-right:auto;margin-top:10px;margin-bottom:30px;width:100%;max-width:80px;\"><div class=\"fusion-separator-border sep-single sep-solid\" style=\"--awb-height:20px;--awb-amount:20px;--awb-sep-color:var(--awb-color4);border-color:var(--awb-color4);border-top-width:5px;\"><\/div><\/div><ul style=\"--awb-iconcolor:var(--awb-color4);--awb-line-height:30.6px;--awb-icon-width:30.6px;--awb-icon-height:30.6px;--awb-icon-margin:12.6px;--awb-content-margin:43.2px;\" class=\"fusion-checklist fusion-checklist-1 fusion-checklist-default type-icons\"><li class=\"fusion-li-item\" style=\"\"><span class=\"icon-wrapper circle-no\"><i class=\"fusion-li-icon fitness-arrow-forward\" aria-hidden=\"true\"><\/i><\/span><div class=\"fusion-li-item-content\">\n<p><a href=\"\/politica-de-privacidad\/\">Pol\u00edtica de privacidad<\/a><\/p>\n<\/div><\/li><li class=\"fusion-li-item\" style=\"\"><span class=\"icon-wrapper circle-no\"><i class=\"fusion-li-icon fitness-arrow-forward\" aria-hidden=\"true\"><\/i><\/span><div class=\"fusion-li-item-content\">\n<p>Informaci\u00f3 de les cookies<\/p>\n<\/div><\/li><\/ul><\/div><\/div><\/div><\/div>\n","protected":false},"excerpt":{"rendered":"","protected":false},"author":1,"featured_media":2626,"parent":0,"menu_order":0,"comment_status":"closed","ping_status":"closed","template":"100-width.php","meta":{"footnotes":""},"class_list":["post-2653","page","type-page","status-publish","has-post-thumbnail","hentry"],"yoast_head":"<!-- This site is optimized with the Yoast SEO plugin v27.5 - https:\/\/yoast.com\/product\/yoast-seo-wordpress\/ -->\n<title>Av\u00eds legal | J.Prieto Vall\u00e9s<\/title>\n<meta name=\"description\" content=\"Informaci\u00f3 d&#039;av\u00eds legal, pol\u00edtica de privacitat i informaci\u00f3 de les cookies de J.Prieto Vall\u00e9s, instal\u00b7ladors el\u00e8ctrics.\" \/>\n<meta name=\"robots\" content=\"index, follow, max-snippet:-1, max-image-preview:large, max-video-preview:-1\" \/>\n<link rel=\"canonical\" href=\"https:\/\/jprietovalles.com\/ca\/avis-legal\/\" \/>\n<meta property=\"og:locale\" content=\"ca_ES\" \/>\n<meta property=\"og:type\" content=\"article\" \/>\n<meta property=\"og:title\" content=\"Av\u00eds legal | J.Prieto Vall\u00e9s\" \/>\n<meta property=\"og:description\" content=\"Informaci\u00f3 d&#039;av\u00eds legal, pol\u00edtica de privacitat i informaci\u00f3 de les cookies de J.Prieto Vall\u00e9s, instal\u00b7ladors el\u00e8ctrics.\" \/>\n<meta property=\"og:url\" content=\"https:\/\/jprietovalles.com\/ca\/avis-legal\/\" \/>\n<meta property=\"og:site_name\" content=\"Instalaciones industriales J. Prieto Vall\u00e9s Montajes el\u00e9ctricos\" \/>\n<meta property=\"article:modified_time\" content=\"2023-09-12T13:48:35+00:00\" \/>\n<meta property=\"og:image\" content=\"https:\/\/jprietovalles.com\/wp-content\/uploads\/Aviso-legal-JPrieto.webp\" \/>\n\t<meta property=\"og:image:width\" content=\"1250\" \/>\n\t<meta property=\"og:image:height\" content=\"510\" \/>\n\t<meta property=\"og:image:type\" content=\"image\/webp\" \/>\n<meta name=\"twitter:card\" content=\"summary_large_image\" \/>\n<meta name=\"twitter:label1\" content=\"Temps estimat de lectura\" \/>\n\t<meta name=\"twitter:data1\" content=\"8 minuts\" \/>\n<script type=\"application\/ld+json\" class=\"yoast-schema-graph\">{\"@context\":\"https:\\\/\\\/schema.org\",\"@graph\":[{\"@type\":\"WebPage\",\"@id\":\"https:\\\/\\\/jprietovalles.com\\\/ca\\\/avis-legal\\\/\",\"url\":\"https:\\\/\\\/jprietovalles.com\\\/ca\\\/avis-legal\\\/\",\"name\":\"Av\u00eds legal | J.Prieto Vall\u00e9s\",\"isPartOf\":{\"@id\":\"https:\\\/\\\/jprietovalles.com\\\/ca\\\/#website\"},\"primaryImageOfPage\":{\"@id\":\"https:\\\/\\\/jprietovalles.com\\\/ca\\\/avis-legal\\\/#primaryimage\"},\"image\":{\"@id\":\"https:\\\/\\\/jprietovalles.com\\\/ca\\\/avis-legal\\\/#primaryimage\"},\"thumbnailUrl\":\"https:\\\/\\\/jprietovalles.com\\\/wp-content\\\/uploads\\\/Aviso-legal-JPrieto.webp\",\"datePublished\":\"2023-09-05T15:17:35+00:00\",\"dateModified\":\"2023-09-12T13:48:35+00:00\",\"description\":\"Informaci\u00f3 d'av\u00eds legal, pol\u00edtica de privacitat i informaci\u00f3 de les cookies de J.Prieto Vall\u00e9s, instal\u00b7ladors el\u00e8ctrics.\",\"breadcrumb\":{\"@id\":\"https:\\\/\\\/jprietovalles.com\\\/ca\\\/avis-legal\\\/#breadcrumb\"},\"inLanguage\":\"ca\",\"potentialAction\":[{\"@type\":\"ReadAction\",\"target\":[\"https:\\\/\\\/jprietovalles.com\\\/ca\\\/avis-legal\\\/\"]}]},{\"@type\":\"ImageObject\",\"inLanguage\":\"ca\",\"@id\":\"https:\\\/\\\/jprietovalles.com\\\/ca\\\/avis-legal\\\/#primaryimage\",\"url\":\"https:\\\/\\\/jprietovalles.com\\\/wp-content\\\/uploads\\\/Aviso-legal-JPrieto.webp\",\"contentUrl\":\"https:\\\/\\\/jprietovalles.com\\\/wp-content\\\/uploads\\\/Aviso-legal-JPrieto.webp\",\"width\":1250,\"height\":510},{\"@type\":\"BreadcrumbList\",\"@id\":\"https:\\\/\\\/jprietovalles.com\\\/ca\\\/avis-legal\\\/#breadcrumb\",\"itemListElement\":[{\"@type\":\"ListItem\",\"position\":1,\"name\":\"Portada\",\"item\":\"https:\\\/\\\/jprietovalles.com\\\/ca\\\/\"},{\"@type\":\"ListItem\",\"position\":2,\"name\":\"Av\u00eds legal\"}]},{\"@type\":\"WebSite\",\"@id\":\"https:\\\/\\\/jprietovalles.com\\\/ca\\\/#website\",\"url\":\"https:\\\/\\\/jprietovalles.com\\\/ca\\\/\",\"name\":\"Instalaciones industriales J. Prieto Vall\u00e9s Montajes el\u00e9ctricos\",\"description\":\"JPrieto Valles\",\"potentialAction\":[{\"@type\":\"SearchAction\",\"target\":{\"@type\":\"EntryPoint\",\"urlTemplate\":\"https:\\\/\\\/jprietovalles.com\\\/ca\\\/?s={search_term_string}\"},\"query-input\":{\"@type\":\"PropertyValueSpecification\",\"valueRequired\":true,\"valueName\":\"search_term_string\"}}],\"inLanguage\":\"ca\"}]}<\/script>\n<!-- \/ Yoast SEO plugin. -->","yoast_head_json":{"title":"Av\u00eds legal | J.Prieto Vall\u00e9s","description":"Informaci\u00f3 d'av\u00eds legal, pol\u00edtica de privacitat i informaci\u00f3 de les cookies de J.Prieto Vall\u00e9s, instal\u00b7ladors el\u00e8ctrics.","robots":{"index":"index","follow":"follow","max-snippet":"max-snippet:-1","max-image-preview":"max-image-preview:large","max-video-preview":"max-video-preview:-1"},"canonical":"https:\/\/jprietovalles.com\/ca\/avis-legal\/","og_locale":"ca_ES","og_type":"article","og_title":"Av\u00eds legal | J.Prieto Vall\u00e9s","og_description":"Informaci\u00f3 d'av\u00eds legal, pol\u00edtica de privacitat i informaci\u00f3 de les cookies de J.Prieto Vall\u00e9s, instal\u00b7ladors el\u00e8ctrics.","og_url":"https:\/\/jprietovalles.com\/ca\/avis-legal\/","og_site_name":"Instalaciones industriales J. Prieto Vall\u00e9s Montajes el\u00e9ctricos","article_modified_time":"2023-09-12T13:48:35+00:00","og_image":[{"width":1250,"height":510,"url":"https:\/\/jprietovalles.com\/wp-content\/uploads\/Aviso-legal-JPrieto.webp","type":"image\/webp"}],"twitter_card":"summary_large_image","twitter_misc":{"Temps estimat de lectura":"8 minuts"},"schema":{"@context":"https:\/\/schema.org","@graph":[{"@type":"WebPage","@id":"https:\/\/jprietovalles.com\/ca\/avis-legal\/","url":"https:\/\/jprietovalles.com\/ca\/avis-legal\/","name":"Av\u00eds legal | J.Prieto Vall\u00e9s","isPartOf":{"@id":"https:\/\/jprietovalles.com\/ca\/#website"},"primaryImageOfPage":{"@id":"https:\/\/jprietovalles.com\/ca\/avis-legal\/#primaryimage"},"image":{"@id":"https:\/\/jprietovalles.com\/ca\/avis-legal\/#primaryimage"},"thumbnailUrl":"https:\/\/jprietovalles.com\/wp-content\/uploads\/Aviso-legal-JPrieto.webp","datePublished":"2023-09-05T15:17:35+00:00","dateModified":"2023-09-12T13:48:35+00:00","description":"Informaci\u00f3 d'av\u00eds legal, pol\u00edtica de privacitat i informaci\u00f3 de les cookies de J.Prieto Vall\u00e9s, instal\u00b7ladors el\u00e8ctrics.","breadcrumb":{"@id":"https:\/\/jprietovalles.com\/ca\/avis-legal\/#breadcrumb"},"inLanguage":"ca","potentialAction":[{"@type":"ReadAction","target":["https:\/\/jprietovalles.com\/ca\/avis-legal\/"]}]},{"@type":"ImageObject","inLanguage":"ca","@id":"https:\/\/jprietovalles.com\/ca\/avis-legal\/#primaryimage","url":"https:\/\/jprietovalles.com\/wp-content\/uploads\/Aviso-legal-JPrieto.webp","contentUrl":"https:\/\/jprietovalles.com\/wp-content\/uploads\/Aviso-legal-JPrieto.webp","width":1250,"height":510},{"@type":"BreadcrumbList","@id":"https:\/\/jprietovalles.com\/ca\/avis-legal\/#breadcrumb","itemListElement":[{"@type":"ListItem","position":1,"name":"Portada","item":"https:\/\/jprietovalles.com\/ca\/"},{"@type":"ListItem","position":2,"name":"Av\u00eds legal"}]},{"@type":"WebSite","@id":"https:\/\/jprietovalles.com\/ca\/#website","url":"https:\/\/jprietovalles.com\/ca\/","name":"Instalaciones industriales J. Prieto Vall\u00e9s Montajes el\u00e9ctricos","description":"JPrieto Valles","potentialAction":[{"@type":"SearchAction","target":{"@type":"EntryPoint","urlTemplate":"https:\/\/jprietovalles.com\/ca\/?s={search_term_string}"},"query-input":{"@type":"PropertyValueSpecification","valueRequired":true,"valueName":"search_term_string"}}],"inLanguage":"ca"}]}},"_links":{"self":[{"href":"https:\/\/jprietovalles.com\/ca\/wp-json\/wp\/v2\/pages\/2653","targetHints":{"allow":["GET"]}}],"collection":[{"href":"https:\/\/jprietovalles.com\/ca\/wp-json\/wp\/v2\/pages"}],"about":[{"href":"https:\/\/jprietovalles.com\/ca\/wp-json\/wp\/v2\/types\/page"}],"author":[{"embeddable":true,"href":"https:\/\/jprietovalles.com\/ca\/wp-json\/wp\/v2\/users\/1"}],"replies":[{"embeddable":true,"href":"https:\/\/jprietovalles.com\/ca\/wp-json\/wp\/v2\/comments?post=2653"}],"version-history":[{"count":5,"href":"https:\/\/jprietovalles.com\/ca\/wp-json\/wp\/v2\/pages\/2653\/revisions"}],"predecessor-version":[{"id":2867,"href":"https:\/\/jprietovalles.com\/ca\/wp-json\/wp\/v2\/pages\/2653\/revisions\/2867"}],"wp:featuredmedia":[{"embeddable":true,"href":"https:\/\/jprietovalles.com\/ca\/wp-json\/wp\/v2\/media\/2626"}],"wp:attachment":[{"href":"https:\/\/jprietovalles.com\/ca\/wp-json\/wp\/v2\/media?parent=2653"}],"curies":[{"name":"wp","href":"https:\/\/api.w.org\/{rel}","templated":true}]}}