{"id":2665,"date":"2023-09-05T17:34:08","date_gmt":"2023-09-05T15:34:08","guid":{"rendered":"https:\/\/jprietovalles.pruebasweb.com.es\/?page_id=2665"},"modified":"2023-09-12T15:48:18","modified_gmt":"2023-09-12T13:48:18","slug":"informacio-sobre-les-cookies","status":"publish","type":"page","link":"https:\/\/jprietovalles.com\/ca\/informacio-sobre-les-cookies\/","title":{"rendered":"Informaci\u00f3 sobre les cookies"},"content":{"rendered":"<div class=\"fusion-fullwidth fullwidth-box fusion-builder-row-1 fusion-flex-container has-pattern-background has-mask-background nonhundred-percent-fullwidth non-hundred-percent-height-scrolling\" style=\"--awb-border-radius-top-left:0px;--awb-border-radius-top-right:0px;--awb-border-radius-bottom-right:0px;--awb-border-radius-bottom-left:0px;--awb-padding-top:25px;--awb-padding-bottom:8%;--awb-padding-top-medium:45px;--awb-padding-bottom-medium:72px;--awb-flex-wrap:wrap;\" ><div class=\"fusion-builder-row fusion-row fusion-flex-align-items-center fusion-flex-justify-content-center fusion-flex-content-wrap\" style=\"max-width:1300px;margin-left: calc(-4% \/ 2 );margin-right: calc(-4% \/ 2 );\"><div class=\"fusion-layout-column fusion_builder_column fusion-builder-column-0 fusion_builder_column_4_5 4_5 fusion-flex-column fusion-flex-align-self-center fusion-animated\" style=\"--awb-padding-left-medium:40px;--awb-padding-right-small:20px;--awb-padding-left-small:20px;--awb-bg-size:cover;--awb-border-color:var(--awb-color2);--awb-border-style:solid;--awb-width-large:80%;--awb-margin-top-large:0px;--awb-spacing-right-large:5.4%;--awb-margin-bottom-large:0px;--awb-spacing-left-large:2.4%;--awb-width-medium:80%;--awb-order-medium:0;--awb-spacing-right-medium:5.4%;--awb-spacing-left-medium:2.4%;--awb-width-small:100%;--awb-order-small:0;--awb-spacing-right-small:4.32%;--awb-spacing-left-small:1.92%;\" data-animationType=\"fadeInUp\" data-animationDuration=\"1.3\" data-animationOffset=\"top-into-view\" data-scroll-devices=\"small-visibility,medium-visibility,large-visibility\"><div class=\"fusion-column-wrapper fusion-column-has-shadow fusion-flex-justify-content-center fusion-content-layout-column\"><div class=\"fusion-title title fusion-title-1 fusion-sep-none fusion-title-text fusion-title-size-two\" style=\"--awb-text-color:var(--awb-color2);--awb-margin-top-small:10px;--awb-margin-right-small:0px;--awb-margin-bottom-small:10px;--awb-margin-left-small:0px;\"><h2 class=\"fusion-title-heading title-heading-left\" style=\"margin:0;text-transform:uppercase;line-height:1.3em;\">Aspectos legales<\/h2><\/div><div class=\"fusion-separator\" style=\"align-self: flex-start;margin-right:auto;margin-top:10px;margin-bottom:30px;width:100%;max-width:80px;\"><div class=\"fusion-separator-border sep-single sep-solid\" style=\"--awb-height:20px;--awb-amount:20px;--awb-sep-color:var(--awb-color4);border-color:var(--awb-color4);border-top-width:5px;\"><\/div><\/div><div class=\"fusion-text fusion-text-1\" style=\"--awb-content-alignment:justify;--awb-font-size:18px;\"><p><strong>Uso de cookies<\/strong><br \/>\nEn nuestro sitio web utilizamos cookies propias y terceros (Google Analytics) para mejorar tu experiencia de usuario y recoger datos estad\u00edsticos sobre el uso de nuestra web por parte de las personas. Las cookies se asocian \u00fanicamente al navegador que est\u00e1 utilizando, de modo que no se almacena ning\u00fan tipo de datos personales sobre el usuario que visita nuestra p\u00e1gina web. Usted puede configurar su navegador para que notifique y\/o rechace la instalaci\u00f3n de las cookies, sin que ello perjudique la posibilidad de la persona de poder acceder a las distintas zonas de la web, excepto al servicio de chat de soporte t\u00e9cnico.<\/p>\n<p>Si navegas por nuestra web, estar\u00e1s aceptando el uso de las cookies en las condiciones establecidas en esta\u00a0<strong>Pol\u00edtica de Cookies.<\/strong>\u00a0Esta pol\u00edtica puede ser actualizada, por lo que te invitamos a revisarla de forma regular.<\/p>\n<p><strong>\u00bfQu\u00e9 son las cookies?<\/strong><br \/>\nSon peque\u00f1os ficheros de datos que el servidor de Internet env\u00eda al dispositivo con el que te conectas a nuestras webs y que \u00e9ste archiva. Se asocian \u00fanicamente a tu navegador y no proporcionan por s\u00ed mismas datos personales. Las cookies no pueden da\u00f1ar tu dispositivo y adem\u00e1s son muy \u00fatiles, ya que nos ayudan a identificar y resolver errores.<\/p>\n<p>Si quieres m\u00e1s informaci\u00f3n sobre su funcionamiento, te recomendamos visitar\u00a0<a href=\"http:\/\/www.allaboutcookies.org\/\" target=\"_blank\" rel=\"noopener\"><strong>www.allaboutcookies.org\u00a0<\/strong><\/a>y\u00a0<a href=\"http:\/\/www.youronlinechoices.eu\/es\/\" target=\"_blank\" rel=\"noopener\"><strong>www.youronlinechoices.eu<\/strong><\/a><\/p>\n<h3 class=\"fusion-responsive-typography-calculated\" data-fontsize=\"26\" data-lineheight=\"39px\">Cookies de redes sociales<\/h3>\n<p>En nuestra p\u00e1gina web se incluyen botones que las personas pueden utilizar, de forma sencilla e intuitiva, para enlazar y compartir ciertos contenidos en las redes sociales como Facebook, Twitter, Google+, LinkedIn o Pinterest. Esta funcionalidad conlleva el uso de cookies que enlazan con las p\u00e1ginas web de estas redes sociales, almacenando la informaci\u00f3n \u00fanicamente en ellas.<\/p>\n<h3 class=\"fusion-responsive-typography-calculated\" data-fontsize=\"26\" data-lineheight=\"39px\">Configuraci\u00f3n de las cookies<\/h3>\n<p>Puedes consultar los pasos para deshabilitar la instalaci\u00f3n de cookies en la secci\u00f3n de \u201cAyuda\u201d de tu navegador: Microsoft Internet Explorer, Google Chrome, Safari, Mozilla Firefox y Opera.<\/p>\n<p>Muchos navegadores permiten activar un modo privado mediante el cual las cookies se borran siempre despu\u00e9s de tu visita a la web. Dependiendo de cada navegador este modo privado puede tener diferentes nombres. A continuaci\u00f3n encontrar\u00e1 una lista de los navegadores m\u00e1s comunes y los diferentes nombres de este \u201cmodo privado\u201d:<\/p>\n<ul>\n<li>Internet Explorer 8 y superior \u2013 InPrivate<\/li>\n<li>Microsoft Edge<\/li>\n<li>Opera 10.5 y superior \u2013 Navegaci\u00f3n Privada<\/li>\n<li>Google Chrome 10 y superior \u2013 Inc\u00f3gnito<\/li>\n<li>Safari 2 y superior \u2013 Navegaci\u00f3n Privada<\/li>\n<li>Firefox 3.5 y superior \u2013 Navegaci\u00f3n Privada<\/li>\n<\/ul>\n<p>A continuaci\u00f3n os detallamos la relaci\u00f3n de cookies utilizadas por este sitio web:<\/p>\n<table class=\"tabla table\">\n<thead>\n<tr>\n<th>Cookie<\/th>\n<th>Tipo<\/th>\n<th>Duraci\u00f3n<\/th>\n<th>Descripci\u00f3n<\/th>\n<\/tr>\n<\/thead>\n<tbody>\n<tr>\n<td>qsaw<\/td>\n<td>Propia<\/td>\n<td>3 d\u00edas<\/td>\n<td>Control de accesos desde Google Adwords<\/td>\n<\/tr>\n<tr>\n<td>qsfb<\/td>\n<td>Propia<\/td>\n<td>3 d\u00edas<\/td>\n<td>Control de accesos desde Facebook<\/td>\n<\/tr>\n<tr>\n<td>wordpress_test_cookie<\/td>\n<td>Propia<\/td>\n<td>Sesi\u00f3n<\/td>\n<td>Esta cookie se usa para que el gestor de contenidos WordPress compruebe si el navegador tiene las cookies activadas<\/td>\n<\/tr>\n<tr>\n<td>_utmc<\/td>\n<td>De terceros<\/td>\n<td>Al finalizar la sesi\u00f3n de navegaci\u00f3n<\/td>\n<td>Utilizada por Google Analytics.<\/td>\n<\/tr>\n<tr>\n<td>_utmv<\/td>\n<td>De terceros<\/td>\n<td>6 meses<\/td>\n<td>Utilizada por Google Analytics<\/td>\n<\/tr>\n<tr>\n<td>_utmz<\/td>\n<td>De terceros<\/td>\n<td>2 a\u00f1os<\/td>\n<td>Utilizada por Google Analytics<\/td>\n<\/tr>\n<tr>\n<td>__utma<\/td>\n<td>De terceros<\/td>\n<td>2 a\u00f1os<\/td>\n<td>Utilizada por Google Analytics.<\/td>\n<\/tr>\n<tr>\n<td>__utmb<\/td>\n<td>De terceros<\/td>\n<td>30 minutos<\/td>\n<td>Utilizada por Google Analytics.<\/td>\n<\/tr>\n<\/tbody>\n<\/table>\n<\/div><div class=\"fusion-title title fusion-title-2 fusion-sep-none fusion-title-text fusion-title-size-two\" style=\"--awb-text-color:var(--awb-color2);--awb-margin-top-small:10px;--awb-margin-right-small:0px;--awb-margin-bottom-small:10px;--awb-margin-left-small:0px;\"><h2 class=\"fusion-title-heading title-heading-left\" style=\"margin:0;text-transform:uppercase;line-height:1.3em;\">M\u00e1s informaci\u00f3n<\/h2><\/div><div class=\"fusion-separator\" style=\"align-self: flex-start;margin-right:auto;margin-top:10px;margin-bottom:30px;width:100%;max-width:80px;\"><div class=\"fusion-separator-border sep-single sep-solid\" style=\"--awb-height:20px;--awb-amount:20px;--awb-sep-color:var(--awb-color4);border-color:var(--awb-color4);border-top-width:5px;\"><\/div><\/div><ul style=\"--awb-iconcolor:var(--awb-color4);--awb-line-height:30.6px;--awb-icon-width:30.6px;--awb-icon-height:30.6px;--awb-icon-margin:12.6px;--awb-content-margin:43.2px;\" class=\"fusion-checklist fusion-checklist-1 fusion-checklist-default type-icons\"><li class=\"fusion-li-item\" style=\"\"><span class=\"icon-wrapper circle-no\"><i class=\"fusion-li-icon fitness-arrow-forward\" aria-hidden=\"true\"><\/i><\/span><div class=\"fusion-li-item-content\">\n<p><a href=\"\/politica-de-privacidad\/\">Pol\u00edtica de privacidad<\/a><\/p>\n<\/div><\/li><li class=\"fusion-li-item\" style=\"\"><span class=\"icon-wrapper circle-no\"><i class=\"fusion-li-icon fitness-arrow-forward\" aria-hidden=\"true\"><\/i><\/span><div class=\"fusion-li-item-content\">\n<p>Informaci\u00f3 de les cookies<\/p>\n<\/div><\/li><\/ul><\/div><\/div><\/div><\/div>\n","protected":false},"excerpt":{"rendered":"","protected":false},"author":1,"featured_media":2628,"parent":0,"menu_order":0,"comment_status":"closed","ping_status":"closed","template":"100-width.php","meta":{"footnotes":""},"class_list":["post-2665","page","type-page","status-publish","has-post-thumbnail","hentry"],"yoast_head":"<!-- This site is optimized with the Yoast SEO plugin v27.4 - https:\/\/yoast.com\/product\/yoast-seo-wordpress\/ -->\n<title>Informaci\u00f3 sobre les cookies | J.Prieto Vall\u00e9s<\/title>\n<meta name=\"description\" content=\"Informaci\u00f3 d&#039;av\u00eds legal, pol\u00edtica de privacitat i informaci\u00f3 de les cookies de J.Prieto Vall\u00e9s, instal\u00b7ladors el\u00e8ctrics.\" \/>\n<meta name=\"robots\" content=\"index, follow, max-snippet:-1, max-image-preview:large, max-video-preview:-1\" \/>\n<link rel=\"canonical\" href=\"https:\/\/jprietovalles.com\/ca\/informacio-sobre-les-cookies\/\" \/>\n<meta property=\"og:locale\" content=\"ca_ES\" \/>\n<meta property=\"og:type\" content=\"article\" \/>\n<meta property=\"og:title\" content=\"Informaci\u00f3 sobre les cookies | J.Prieto Vall\u00e9s\" \/>\n<meta property=\"og:description\" content=\"Informaci\u00f3 d&#039;av\u00eds legal, pol\u00edtica de privacitat i informaci\u00f3 de les cookies de J.Prieto Vall\u00e9s, instal\u00b7ladors el\u00e8ctrics.\" \/>\n<meta property=\"og:url\" content=\"https:\/\/jprietovalles.com\/ca\/informacio-sobre-les-cookies\/\" \/>\n<meta property=\"og:site_name\" content=\"Instalaciones industriales J. Prieto Vall\u00e9s Montajes el\u00e9ctricos\" \/>\n<meta property=\"article:modified_time\" content=\"2023-09-12T13:48:18+00:00\" \/>\n<meta property=\"og:image\" content=\"https:\/\/jprietovalles.com\/wp-content\/uploads\/cookies-jprieto.webp\" \/>\n\t<meta property=\"og:image:width\" content=\"1250\" \/>\n\t<meta property=\"og:image:height\" content=\"510\" \/>\n\t<meta property=\"og:image:type\" content=\"image\/webp\" \/>\n<meta name=\"twitter:card\" content=\"summary_large_image\" \/>\n<meta name=\"twitter:label1\" content=\"Temps estimat de lectura\" \/>\n\t<meta name=\"twitter:data1\" content=\"6 minuts\" \/>\n<script type=\"application\/ld+json\" class=\"yoast-schema-graph\">{\"@context\":\"https:\\\/\\\/schema.org\",\"@graph\":[{\"@type\":\"WebPage\",\"@id\":\"https:\\\/\\\/jprietovalles.com\\\/ca\\\/informacio-sobre-les-cookies\\\/\",\"url\":\"https:\\\/\\\/jprietovalles.com\\\/ca\\\/informacio-sobre-les-cookies\\\/\",\"name\":\"Informaci\u00f3 sobre les cookies | J.Prieto Vall\u00e9s\",\"isPartOf\":{\"@id\":\"https:\\\/\\\/jprietovalles.com\\\/ca\\\/#website\"},\"primaryImageOfPage\":{\"@id\":\"https:\\\/\\\/jprietovalles.com\\\/ca\\\/informacio-sobre-les-cookies\\\/#primaryimage\"},\"image\":{\"@id\":\"https:\\\/\\\/jprietovalles.com\\\/ca\\\/informacio-sobre-les-cookies\\\/#primaryimage\"},\"thumbnailUrl\":\"https:\\\/\\\/jprietovalles.com\\\/wp-content\\\/uploads\\\/cookies-jprieto.webp\",\"datePublished\":\"2023-09-05T15:34:08+00:00\",\"dateModified\":\"2023-09-12T13:48:18+00:00\",\"description\":\"Informaci\u00f3 d'av\u00eds legal, pol\u00edtica de privacitat i informaci\u00f3 de les cookies de J.Prieto Vall\u00e9s, instal\u00b7ladors el\u00e8ctrics.\",\"breadcrumb\":{\"@id\":\"https:\\\/\\\/jprietovalles.com\\\/ca\\\/informacio-sobre-les-cookies\\\/#breadcrumb\"},\"inLanguage\":\"ca\",\"potentialAction\":[{\"@type\":\"ReadAction\",\"target\":[\"https:\\\/\\\/jprietovalles.com\\\/ca\\\/informacio-sobre-les-cookies\\\/\"]}]},{\"@type\":\"ImageObject\",\"inLanguage\":\"ca\",\"@id\":\"https:\\\/\\\/jprietovalles.com\\\/ca\\\/informacio-sobre-les-cookies\\\/#primaryimage\",\"url\":\"https:\\\/\\\/jprietovalles.com\\\/wp-content\\\/uploads\\\/cookies-jprieto.webp\",\"contentUrl\":\"https:\\\/\\\/jprietovalles.com\\\/wp-content\\\/uploads\\\/cookies-jprieto.webp\",\"width\":1250,\"height\":510},{\"@type\":\"BreadcrumbList\",\"@id\":\"https:\\\/\\\/jprietovalles.com\\\/ca\\\/informacio-sobre-les-cookies\\\/#breadcrumb\",\"itemListElement\":[{\"@type\":\"ListItem\",\"position\":1,\"name\":\"Portada\",\"item\":\"https:\\\/\\\/jprietovalles.com\\\/ca\\\/\"},{\"@type\":\"ListItem\",\"position\":2,\"name\":\"Informaci\u00f3 sobre les cookies\"}]},{\"@type\":\"WebSite\",\"@id\":\"https:\\\/\\\/jprietovalles.com\\\/ca\\\/#website\",\"url\":\"https:\\\/\\\/jprietovalles.com\\\/ca\\\/\",\"name\":\"Instalaciones industriales J. Prieto Vall\u00e9s Montajes el\u00e9ctricos\",\"description\":\"JPrieto Valles\",\"potentialAction\":[{\"@type\":\"SearchAction\",\"target\":{\"@type\":\"EntryPoint\",\"urlTemplate\":\"https:\\\/\\\/jprietovalles.com\\\/ca\\\/?s={search_term_string}\"},\"query-input\":{\"@type\":\"PropertyValueSpecification\",\"valueRequired\":true,\"valueName\":\"search_term_string\"}}],\"inLanguage\":\"ca\"}]}<\/script>\n<!-- \/ Yoast SEO plugin. -->","yoast_head_json":{"title":"Informaci\u00f3 sobre les cookies | J.Prieto Vall\u00e9s","description":"Informaci\u00f3 d'av\u00eds legal, pol\u00edtica de privacitat i informaci\u00f3 de les cookies de J.Prieto Vall\u00e9s, instal\u00b7ladors el\u00e8ctrics.","robots":{"index":"index","follow":"follow","max-snippet":"max-snippet:-1","max-image-preview":"max-image-preview:large","max-video-preview":"max-video-preview:-1"},"canonical":"https:\/\/jprietovalles.com\/ca\/informacio-sobre-les-cookies\/","og_locale":"ca_ES","og_type":"article","og_title":"Informaci\u00f3 sobre les cookies | J.Prieto Vall\u00e9s","og_description":"Informaci\u00f3 d'av\u00eds legal, pol\u00edtica de privacitat i informaci\u00f3 de les cookies de J.Prieto Vall\u00e9s, instal\u00b7ladors el\u00e8ctrics.","og_url":"https:\/\/jprietovalles.com\/ca\/informacio-sobre-les-cookies\/","og_site_name":"Instalaciones industriales J. Prieto Vall\u00e9s Montajes el\u00e9ctricos","article_modified_time":"2023-09-12T13:48:18+00:00","og_image":[{"width":1250,"height":510,"url":"https:\/\/jprietovalles.com\/wp-content\/uploads\/cookies-jprieto.webp","type":"image\/webp"}],"twitter_card":"summary_large_image","twitter_misc":{"Temps estimat de lectura":"6 minuts"},"schema":{"@context":"https:\/\/schema.org","@graph":[{"@type":"WebPage","@id":"https:\/\/jprietovalles.com\/ca\/informacio-sobre-les-cookies\/","url":"https:\/\/jprietovalles.com\/ca\/informacio-sobre-les-cookies\/","name":"Informaci\u00f3 sobre les cookies | J.Prieto Vall\u00e9s","isPartOf":{"@id":"https:\/\/jprietovalles.com\/ca\/#website"},"primaryImageOfPage":{"@id":"https:\/\/jprietovalles.com\/ca\/informacio-sobre-les-cookies\/#primaryimage"},"image":{"@id":"https:\/\/jprietovalles.com\/ca\/informacio-sobre-les-cookies\/#primaryimage"},"thumbnailUrl":"https:\/\/jprietovalles.com\/wp-content\/uploads\/cookies-jprieto.webp","datePublished":"2023-09-05T15:34:08+00:00","dateModified":"2023-09-12T13:48:18+00:00","description":"Informaci\u00f3 d'av\u00eds legal, pol\u00edtica de privacitat i informaci\u00f3 de les cookies de J.Prieto Vall\u00e9s, instal\u00b7ladors el\u00e8ctrics.","breadcrumb":{"@id":"https:\/\/jprietovalles.com\/ca\/informacio-sobre-les-cookies\/#breadcrumb"},"inLanguage":"ca","potentialAction":[{"@type":"ReadAction","target":["https:\/\/jprietovalles.com\/ca\/informacio-sobre-les-cookies\/"]}]},{"@type":"ImageObject","inLanguage":"ca","@id":"https:\/\/jprietovalles.com\/ca\/informacio-sobre-les-cookies\/#primaryimage","url":"https:\/\/jprietovalles.com\/wp-content\/uploads\/cookies-jprieto.webp","contentUrl":"https:\/\/jprietovalles.com\/wp-content\/uploads\/cookies-jprieto.webp","width":1250,"height":510},{"@type":"BreadcrumbList","@id":"https:\/\/jprietovalles.com\/ca\/informacio-sobre-les-cookies\/#breadcrumb","itemListElement":[{"@type":"ListItem","position":1,"name":"Portada","item":"https:\/\/jprietovalles.com\/ca\/"},{"@type":"ListItem","position":2,"name":"Informaci\u00f3 sobre les cookies"}]},{"@type":"WebSite","@id":"https:\/\/jprietovalles.com\/ca\/#website","url":"https:\/\/jprietovalles.com\/ca\/","name":"Instalaciones industriales J. Prieto Vall\u00e9s Montajes el\u00e9ctricos","description":"JPrieto Valles","potentialAction":[{"@type":"SearchAction","target":{"@type":"EntryPoint","urlTemplate":"https:\/\/jprietovalles.com\/ca\/?s={search_term_string}"},"query-input":{"@type":"PropertyValueSpecification","valueRequired":true,"valueName":"search_term_string"}}],"inLanguage":"ca"}]}},"_links":{"self":[{"href":"https:\/\/jprietovalles.com\/ca\/wp-json\/wp\/v2\/pages\/2665","targetHints":{"allow":["GET"]}}],"collection":[{"href":"https:\/\/jprietovalles.com\/ca\/wp-json\/wp\/v2\/pages"}],"about":[{"href":"https:\/\/jprietovalles.com\/ca\/wp-json\/wp\/v2\/types\/page"}],"author":[{"embeddable":true,"href":"https:\/\/jprietovalles.com\/ca\/wp-json\/wp\/v2\/users\/1"}],"replies":[{"embeddable":true,"href":"https:\/\/jprietovalles.com\/ca\/wp-json\/wp\/v2\/comments?post=2665"}],"version-history":[{"count":6,"href":"https:\/\/jprietovalles.com\/ca\/wp-json\/wp\/v2\/pages\/2665\/revisions"}],"predecessor-version":[{"id":2865,"href":"https:\/\/jprietovalles.com\/ca\/wp-json\/wp\/v2\/pages\/2665\/revisions\/2865"}],"wp:featuredmedia":[{"embeddable":true,"href":"https:\/\/jprietovalles.com\/ca\/wp-json\/wp\/v2\/media\/2628"}],"wp:attachment":[{"href":"https:\/\/jprietovalles.com\/ca\/wp-json\/wp\/v2\/media?parent=2665"}],"curies":[{"name":"wp","href":"https:\/\/api.w.org\/{rel}","templated":true}]}}