{"id":2697,"date":"2023-09-05T17:27:41","date_gmt":"2023-09-05T15:27:41","guid":{"rendered":"https:\/\/jprietovalles.pruebasweb.com.es\/?page_id=2697"},"modified":"2023-09-12T15:48:16","modified_gmt":"2023-09-12T13:48:16","slug":"politica-de-privacitat","status":"publish","type":"page","link":"https:\/\/jprietovalles.com\/ca\/politica-de-privacitat\/","title":{"rendered":"Pol\u00edtica de privacitat"},"content":{"rendered":"<div class=\"fusion-fullwidth fullwidth-box fusion-builder-row-1 fusion-flex-container has-pattern-background has-mask-background nonhundred-percent-fullwidth non-hundred-percent-height-scrolling\" style=\"--awb-border-radius-top-left:0px;--awb-border-radius-top-right:0px;--awb-border-radius-bottom-right:0px;--awb-border-radius-bottom-left:0px;--awb-padding-top:25px;--awb-padding-bottom:8%;--awb-padding-top-medium:45px;--awb-padding-bottom-medium:72px;--awb-flex-wrap:wrap;\" ><div class=\"fusion-builder-row fusion-row fusion-flex-align-items-center fusion-flex-justify-content-center fusion-flex-content-wrap\" style=\"max-width:1300px;margin-left: calc(-4% \/ 2 );margin-right: calc(-4% \/ 2 );\"><div class=\"fusion-layout-column fusion_builder_column fusion-builder-column-0 fusion_builder_column_4_5 4_5 fusion-flex-column fusion-flex-align-self-center fusion-animated\" style=\"--awb-padding-left-medium:40px;--awb-padding-right-small:20px;--awb-padding-left-small:20px;--awb-bg-size:cover;--awb-border-color:var(--awb-color2);--awb-border-style:solid;--awb-width-large:80%;--awb-margin-top-large:0px;--awb-spacing-right-large:5.4%;--awb-margin-bottom-large:0px;--awb-spacing-left-large:2.4%;--awb-width-medium:80%;--awb-order-medium:0;--awb-spacing-right-medium:5.4%;--awb-spacing-left-medium:2.4%;--awb-width-small:100%;--awb-order-small:0;--awb-spacing-right-small:4.32%;--awb-spacing-left-small:1.92%;\" data-animationType=\"fadeInUp\" data-animationDuration=\"1.3\" data-animationOffset=\"top-into-view\" data-scroll-devices=\"small-visibility,medium-visibility,large-visibility\"><div class=\"fusion-column-wrapper fusion-column-has-shadow fusion-flex-justify-content-center fusion-content-layout-column\"><div class=\"fusion-title title fusion-title-1 fusion-sep-none fusion-title-text fusion-title-size-two\" style=\"--awb-text-color:var(--awb-color2);--awb-margin-top-small:10px;--awb-margin-right-small:0px;--awb-margin-bottom-small:10px;--awb-margin-left-small:0px;\"><h2 class=\"fusion-title-heading title-heading-left\" style=\"margin:0;text-transform:uppercase;line-height:1.3em;\">Aspectos legales<\/h2><\/div><div class=\"fusion-separator\" style=\"align-self: flex-start;margin-right:auto;margin-top:10px;margin-bottom:30px;width:100%;max-width:80px;\"><div class=\"fusion-separator-border sep-single sep-solid\" style=\"--awb-height:20px;--awb-amount:20px;--awb-sep-color:var(--awb-color4);border-color:var(--awb-color4);border-top-width:5px;\"><\/div><\/div><div class=\"fusion-text fusion-text-1\" style=\"--awb-content-alignment:justify;--awb-font-size:18px;\"><p><strong>POL\u00cdTICA DE PRIVACIDAD<\/strong><\/p>\n<p>En cumplimiento con el deber de informaci\u00f3n recogido en art\u00edculo 10 de la Ley 34\/2002, de 11 de julio, de Servicios de la Sociedad de la Informaci\u00f3n y del Comercio Electr\u00f3nico, J.PRIETO VALLES SL (J.PRIETO VALLES SL), le informa que los datos aqu\u00ed consignados corresponden a la entidad titular del sitio web <strong>www.jprietovalles.com<\/strong>.<\/p>\n<p><strong>Denominaci\u00f3n:<\/strong> J.PRIETO VALLES SL<\/p>\n<p><strong>Domicilio:<\/strong> CL. D\u00b4ANTONI GAUDI, 12 \u2013 BJ GRANOLLERS 08403 (BARCELONA)<\/p>\n<p><strong>Tel\u00e9fono:<\/strong> 938497486<\/p>\n<p><strong>Email:<\/strong> jprietovalles@jprietovalles.com<\/p>\n<p><strong>CIF:<\/strong> B61401642<\/p>\n<p><strong>Inscripci\u00f3n registral:<\/strong> Registro Mercantil de Barcelona, Tomo 29914, Folio 0053, Secci\u00f3n General, Hoja 165321.<\/p>\n<p><strong>1. Obtenci\u00f3n de datos<\/strong><br \/>\nJ.PRIETO VALLES SL . informa que los datos que se obtienen a trav\u00e9s de nuestra p\u00e1gina web, los formularios de la misma y los recibidos por correo electr\u00f3nico son aquellos que se nos facilitan voluntariamente por el usuario, los que se derivan de relaciones y comunicaciones con la empresa e informaci\u00f3n que sea leg\u00edtimamente extra\u00edble de los datos que tratamos.<\/p>\n<p>De la misma forma, tambi\u00e9n obtenemos datos a trav\u00e9s de informaci\u00f3n de terceros que nos proporcione el propio usuario o terceras personas previo consentimiento del mismo, existiendo una base leg\u00edtima.<\/p>\n<p><strong>2. Finalidad de la obtenci\u00f3n y recogida de datos<\/strong><br \/>\nJ.PRIETO VALLES SL . tratar\u00e1 los datos que le sean facilitados con el objetivo de ofrecerle los productos y\/o servicios que nos haya contratado, gestionar sus consultas o peticiones y cualquier otro supuesto que sea necesario para cumplir las relaciones comerciales que mantenga con nosotros.<\/p>\n<p>Asimismo, tambi\u00e9n se tratar\u00e1n los datos para remitirle comunicaciones comerciales, siempre con su consentimiento previo, as\u00ed como para analizar h\u00e1bitos de navegaci\u00f3n.<\/p>\n<p>En caso de querer formar parte del equipo de J.PRIETO VALLES SL . se tratar\u00e1n los datos de las personas y la documentaci\u00f3n que nos sea facilitada con el fin de valorar el perfil del\/de la candidato\/a y considerarlo para posibles vacantes en la empresa.<\/p>\n<p><strong>3. Tratamiento de datos<\/strong><br \/>\nDe conformidad con la normativa aplicable, J.PRIETO VALLES SL se compromete a tratar los datos a los que se tenga acceso aplicando las medidas t\u00e9cnicas, preventivas y organizativas adecuadas. De esta manera garantizamos el m\u00e1ximo nivel de seguridad y unos niveles de confidencialidad, integridad y disponibilidad \u00f3ptimos de los servicios y sistemas de tratamiento de datos.<\/p>\n<p><strong>4. Comunicaci\u00f3n de informaci\u00f3n a terceros<\/strong><br \/>\nJ.PRIETO VALLES SL informa a las personas de que sus datos personales no ser\u00e1n cedidos a terceras organizaciones, con la salvedad de que dicha cesi\u00f3n de datos est\u00e9 amparada en una obligaci\u00f3n legal o cuando la prestaci\u00f3n de un servicio implique la necesidad de una relaci\u00f3n contractual con un encargado de tratamiento. En este \u00faltimo caso, s\u00f3lo se llevar\u00e1 a cabo la cesi\u00f3n de datos al tercero cuando J.PRIETO VALLES SL disponga del consentimiento expreso de la persona.<\/p>\n<p>Es posible que algunos de nuestros proveedores, por ejemplo Google, procesen datos fuera de las fronteras de la Uni\u00f3n Europea. En estos casos, exigimos al proveedor estar adscrito a un protocolo de adecuaci\u00f3n de protecci\u00f3n de datos aprobado por la Uni\u00f3n Europea.<\/p>\n<p><strong>5. Tiempo de conservaci\u00f3n de los datos<\/strong><br \/>\nJ.PRIETO VALLES SL conservar\u00e1 todos los datos de la persona hasta el momento en el que se solicite expresamente su supresi\u00f3n o, por el contrario, hasta que termine la relaci\u00f3n empresarial que lo una con nuestra empresa. En este caso, los datos se suprimir\u00e1n cuando queden cumplidos los t\u00e9rminos legales previstos.<\/p>\n<p><strong>6. Derechos de las personas<\/strong><br \/>\nUsted siempre podr\u00e1 ejercer los derechos de acceso, rectificaci\u00f3n, supresi\u00f3n, limitaci\u00f3n, oposici\u00f3n y portabilidad de acuerdo con lo previsto en la normativa legal vigente en materia de pol\u00edtica de privacidad.<\/p>\n<p>Para hacer uso de estos derechos, deber\u00e1 dirigirse mediante comunicaci\u00f3n escrita, aportando documentaci\u00f3n que acredite su identidad (DNI o pasaporte), a la siguiente direcci\u00f3n:<\/p>\n<p>CL. D\u00b4ANTONI GAUDI, 12 \u2013 BJ GRANOLLERS 08403 (BARCELONA)<\/p>\n<p><strong>O por email:<\/strong> jprietovalles@jprietovalles.com<\/p>\n<p>Dicha comunicaci\u00f3n deber\u00e1 indicar de forma clara y concisa sus datos identificativos y acreditativos, as\u00ed como su solicitud respecto a sus datos.<\/p>\n<p><strong>7. Responsabilidades de las personas<\/strong><br \/>\nEl usuario se responsabiliza de que todos los datos que se faciliten y se env\u00eden a J.PRIETO VALLES SL son veraces, exactos, actualizados, vigentes y aut\u00e9nticos. Asimismo, tambi\u00e9n es responsable del consentimiento que se da a la empresa para su tratamiento y utilizaci\u00f3n. De la misma forma, el usuario se hace responsable de los datos de terceros que nos pueda facilitar, respecto a los cuales est\u00e1 obligado a tener consentimiento expreso.<\/p>\n<p><strong>8. Legislaci\u00f3n y jurisdicci\u00f3n<\/strong><br \/>\nEl hecho de entrar en el sitio web y en las aplicaciones de J.PRIETO VALLES SL implica la aceptaci\u00f3n de las condiciones dispuestas en la presente Pol\u00edtica de Privacidad. En caso de no aceptar estas condiciones, deber\u00e1 evitar utilizar y visitar nuestra p\u00e1gina web.<\/p>\n<p>Todo tipo de inconveniente y controversia que pudiera darse, se regir\u00e1 por la legislaci\u00f3n espa\u00f1ola y se someter\u00e1 a los Juzgados y Tribunales de la ciudad m\u00e1s cercana al domicilio social de J.PRIETO VALLES SL<\/p>\n<\/div><div class=\"fusion-title title fusion-title-2 fusion-sep-none fusion-title-text fusion-title-size-two\" style=\"--awb-text-color:var(--awb-color2);--awb-margin-top-small:10px;--awb-margin-right-small:0px;--awb-margin-bottom-small:10px;--awb-margin-left-small:0px;\"><h2 class=\"fusion-title-heading title-heading-left\" style=\"margin:0;text-transform:uppercase;line-height:1.3em;\">M\u00e1s informaci\u00f3n<\/h2><\/div><div class=\"fusion-separator\" style=\"align-self: flex-start;margin-right:auto;margin-top:10px;margin-bottom:30px;width:100%;max-width:80px;\"><div class=\"fusion-separator-border sep-single sep-solid\" style=\"--awb-height:20px;--awb-amount:20px;--awb-sep-color:var(--awb-color4);border-color:var(--awb-color4);border-top-width:5px;\"><\/div><\/div><ul style=\"--awb-iconcolor:var(--awb-color4);--awb-line-height:30.6px;--awb-icon-width:30.6px;--awb-icon-height:30.6px;--awb-icon-margin:12.6px;--awb-content-margin:43.2px;\" class=\"fusion-checklist fusion-checklist-1 fusion-checklist-default type-icons\"><li class=\"fusion-li-item\" style=\"\"><span class=\"icon-wrapper circle-no\"><i class=\"fusion-li-icon fitness-arrow-forward\" aria-hidden=\"true\"><\/i><\/span><div class=\"fusion-li-item-content\"><a href=\"\/aviso-legal\/\">Aviso legal<\/a><\/div><\/li><li class=\"fusion-li-item\" style=\"\"><span class=\"icon-wrapper circle-no\"><i class=\"fusion-li-icon fitness-arrow-forward\" aria-hidden=\"true\"><\/i><\/span><div class=\"fusion-li-item-content\">\n<p>Informaci\u00f3 de les cookies<\/p>\n<\/div><\/li><\/ul><\/div><\/div><\/div><\/div>\n","protected":false},"excerpt":{"rendered":"","protected":false},"author":1,"featured_media":2627,"parent":0,"menu_order":0,"comment_status":"closed","ping_status":"closed","template":"100-width.php","meta":{"footnotes":""},"class_list":["post-2697","page","type-page","status-publish","has-post-thumbnail","hentry"],"yoast_head":"<!-- This site is optimized with the Yoast SEO plugin v27.4 - https:\/\/yoast.com\/product\/yoast-seo-wordpress\/ -->\n<title>Pol\u00edtica de privacitat | J.Prieto Vall\u00e9s<\/title>\n<meta name=\"description\" content=\"Informaci\u00f3 d&#039;av\u00eds legal, pol\u00edtica de privacitat i informaci\u00f3 de les cookies de J.Prieto Vall\u00e9s, instal\u00b7ladors el\u00e8ctrics.\" \/>\n<meta name=\"robots\" content=\"index, follow, max-snippet:-1, max-image-preview:large, max-video-preview:-1\" \/>\n<link rel=\"canonical\" href=\"https:\/\/jprietovalles.com\/ca\/politica-de-privacitat\/\" \/>\n<meta property=\"og:locale\" content=\"ca_ES\" \/>\n<meta property=\"og:type\" content=\"article\" \/>\n<meta property=\"og:title\" content=\"Pol\u00edtica de privacitat | J.Prieto Vall\u00e9s\" \/>\n<meta property=\"og:description\" content=\"Informaci\u00f3 d&#039;av\u00eds legal, pol\u00edtica de privacitat i informaci\u00f3 de les cookies de J.Prieto Vall\u00e9s, instal\u00b7ladors el\u00e8ctrics.\" \/>\n<meta property=\"og:url\" content=\"https:\/\/jprietovalles.com\/ca\/politica-de-privacitat\/\" \/>\n<meta property=\"og:site_name\" content=\"Instalaciones industriales J. Prieto Vall\u00e9s Montajes el\u00e9ctricos\" \/>\n<meta property=\"article:modified_time\" content=\"2023-09-12T13:48:16+00:00\" \/>\n<meta property=\"og:image\" content=\"https:\/\/jprietovalles.com\/wp-content\/uploads\/Privacidad.webp\" \/>\n\t<meta property=\"og:image:width\" content=\"1250\" \/>\n\t<meta property=\"og:image:height\" content=\"510\" \/>\n\t<meta property=\"og:image:type\" content=\"image\/webp\" \/>\n<meta name=\"twitter:card\" content=\"summary_large_image\" \/>\n<meta name=\"twitter:label1\" content=\"Temps estimat de lectura\" \/>\n\t<meta name=\"twitter:data1\" content=\"7 minuts\" \/>\n<script type=\"application\/ld+json\" class=\"yoast-schema-graph\">{\"@context\":\"https:\\\/\\\/schema.org\",\"@graph\":[{\"@type\":\"WebPage\",\"@id\":\"https:\\\/\\\/jprietovalles.com\\\/ca\\\/politica-de-privacitat\\\/\",\"url\":\"https:\\\/\\\/jprietovalles.com\\\/ca\\\/politica-de-privacitat\\\/\",\"name\":\"Pol\u00edtica de privacitat | J.Prieto Vall\u00e9s\",\"isPartOf\":{\"@id\":\"https:\\\/\\\/jprietovalles.com\\\/ca\\\/#website\"},\"primaryImageOfPage\":{\"@id\":\"https:\\\/\\\/jprietovalles.com\\\/ca\\\/politica-de-privacitat\\\/#primaryimage\"},\"image\":{\"@id\":\"https:\\\/\\\/jprietovalles.com\\\/ca\\\/politica-de-privacitat\\\/#primaryimage\"},\"thumbnailUrl\":\"https:\\\/\\\/jprietovalles.com\\\/wp-content\\\/uploads\\\/Privacidad.webp\",\"datePublished\":\"2023-09-05T15:27:41+00:00\",\"dateModified\":\"2023-09-12T13:48:16+00:00\",\"description\":\"Informaci\u00f3 d'av\u00eds legal, pol\u00edtica de privacitat i informaci\u00f3 de les cookies de J.Prieto Vall\u00e9s, instal\u00b7ladors el\u00e8ctrics.\",\"breadcrumb\":{\"@id\":\"https:\\\/\\\/jprietovalles.com\\\/ca\\\/politica-de-privacitat\\\/#breadcrumb\"},\"inLanguage\":\"ca\",\"potentialAction\":[{\"@type\":\"ReadAction\",\"target\":[\"https:\\\/\\\/jprietovalles.com\\\/ca\\\/politica-de-privacitat\\\/\"]}]},{\"@type\":\"ImageObject\",\"inLanguage\":\"ca\",\"@id\":\"https:\\\/\\\/jprietovalles.com\\\/ca\\\/politica-de-privacitat\\\/#primaryimage\",\"url\":\"https:\\\/\\\/jprietovalles.com\\\/wp-content\\\/uploads\\\/Privacidad.webp\",\"contentUrl\":\"https:\\\/\\\/jprietovalles.com\\\/wp-content\\\/uploads\\\/Privacidad.webp\",\"width\":1250,\"height\":510},{\"@type\":\"BreadcrumbList\",\"@id\":\"https:\\\/\\\/jprietovalles.com\\\/ca\\\/politica-de-privacitat\\\/#breadcrumb\",\"itemListElement\":[{\"@type\":\"ListItem\",\"position\":1,\"name\":\"Portada\",\"item\":\"https:\\\/\\\/jprietovalles.com\\\/ca\\\/\"},{\"@type\":\"ListItem\",\"position\":2,\"name\":\"Pol\u00edtica de privacitat\"}]},{\"@type\":\"WebSite\",\"@id\":\"https:\\\/\\\/jprietovalles.com\\\/ca\\\/#website\",\"url\":\"https:\\\/\\\/jprietovalles.com\\\/ca\\\/\",\"name\":\"Instalaciones industriales J. Prieto Vall\u00e9s Montajes el\u00e9ctricos\",\"description\":\"JPrieto Valles\",\"potentialAction\":[{\"@type\":\"SearchAction\",\"target\":{\"@type\":\"EntryPoint\",\"urlTemplate\":\"https:\\\/\\\/jprietovalles.com\\\/ca\\\/?s={search_term_string}\"},\"query-input\":{\"@type\":\"PropertyValueSpecification\",\"valueRequired\":true,\"valueName\":\"search_term_string\"}}],\"inLanguage\":\"ca\"}]}<\/script>\n<!-- \/ Yoast SEO plugin. -->","yoast_head_json":{"title":"Pol\u00edtica de privacitat | J.Prieto Vall\u00e9s","description":"Informaci\u00f3 d'av\u00eds legal, pol\u00edtica de privacitat i informaci\u00f3 de les cookies de J.Prieto Vall\u00e9s, instal\u00b7ladors el\u00e8ctrics.","robots":{"index":"index","follow":"follow","max-snippet":"max-snippet:-1","max-image-preview":"max-image-preview:large","max-video-preview":"max-video-preview:-1"},"canonical":"https:\/\/jprietovalles.com\/ca\/politica-de-privacitat\/","og_locale":"ca_ES","og_type":"article","og_title":"Pol\u00edtica de privacitat | J.Prieto Vall\u00e9s","og_description":"Informaci\u00f3 d'av\u00eds legal, pol\u00edtica de privacitat i informaci\u00f3 de les cookies de J.Prieto Vall\u00e9s, instal\u00b7ladors el\u00e8ctrics.","og_url":"https:\/\/jprietovalles.com\/ca\/politica-de-privacitat\/","og_site_name":"Instalaciones industriales J. Prieto Vall\u00e9s Montajes el\u00e9ctricos","article_modified_time":"2023-09-12T13:48:16+00:00","og_image":[{"width":1250,"height":510,"url":"https:\/\/jprietovalles.com\/wp-content\/uploads\/Privacidad.webp","type":"image\/webp"}],"twitter_card":"summary_large_image","twitter_misc":{"Temps estimat de lectura":"7 minuts"},"schema":{"@context":"https:\/\/schema.org","@graph":[{"@type":"WebPage","@id":"https:\/\/jprietovalles.com\/ca\/politica-de-privacitat\/","url":"https:\/\/jprietovalles.com\/ca\/politica-de-privacitat\/","name":"Pol\u00edtica de privacitat | J.Prieto Vall\u00e9s","isPartOf":{"@id":"https:\/\/jprietovalles.com\/ca\/#website"},"primaryImageOfPage":{"@id":"https:\/\/jprietovalles.com\/ca\/politica-de-privacitat\/#primaryimage"},"image":{"@id":"https:\/\/jprietovalles.com\/ca\/politica-de-privacitat\/#primaryimage"},"thumbnailUrl":"https:\/\/jprietovalles.com\/wp-content\/uploads\/Privacidad.webp","datePublished":"2023-09-05T15:27:41+00:00","dateModified":"2023-09-12T13:48:16+00:00","description":"Informaci\u00f3 d'av\u00eds legal, pol\u00edtica de privacitat i informaci\u00f3 de les cookies de J.Prieto Vall\u00e9s, instal\u00b7ladors el\u00e8ctrics.","breadcrumb":{"@id":"https:\/\/jprietovalles.com\/ca\/politica-de-privacitat\/#breadcrumb"},"inLanguage":"ca","potentialAction":[{"@type":"ReadAction","target":["https:\/\/jprietovalles.com\/ca\/politica-de-privacitat\/"]}]},{"@type":"ImageObject","inLanguage":"ca","@id":"https:\/\/jprietovalles.com\/ca\/politica-de-privacitat\/#primaryimage","url":"https:\/\/jprietovalles.com\/wp-content\/uploads\/Privacidad.webp","contentUrl":"https:\/\/jprietovalles.com\/wp-content\/uploads\/Privacidad.webp","width":1250,"height":510},{"@type":"BreadcrumbList","@id":"https:\/\/jprietovalles.com\/ca\/politica-de-privacitat\/#breadcrumb","itemListElement":[{"@type":"ListItem","position":1,"name":"Portada","item":"https:\/\/jprietovalles.com\/ca\/"},{"@type":"ListItem","position":2,"name":"Pol\u00edtica de privacitat"}]},{"@type":"WebSite","@id":"https:\/\/jprietovalles.com\/ca\/#website","url":"https:\/\/jprietovalles.com\/ca\/","name":"Instalaciones industriales J. Prieto Vall\u00e9s Montajes el\u00e9ctricos","description":"JPrieto Valles","potentialAction":[{"@type":"SearchAction","target":{"@type":"EntryPoint","urlTemplate":"https:\/\/jprietovalles.com\/ca\/?s={search_term_string}"},"query-input":{"@type":"PropertyValueSpecification","valueRequired":true,"valueName":"search_term_string"}}],"inLanguage":"ca"}]}},"_links":{"self":[{"href":"https:\/\/jprietovalles.com\/ca\/wp-json\/wp\/v2\/pages\/2697","targetHints":{"allow":["GET"]}}],"collection":[{"href":"https:\/\/jprietovalles.com\/ca\/wp-json\/wp\/v2\/pages"}],"about":[{"href":"https:\/\/jprietovalles.com\/ca\/wp-json\/wp\/v2\/types\/page"}],"author":[{"embeddable":true,"href":"https:\/\/jprietovalles.com\/ca\/wp-json\/wp\/v2\/users\/1"}],"replies":[{"embeddable":true,"href":"https:\/\/jprietovalles.com\/ca\/wp-json\/wp\/v2\/comments?post=2697"}],"version-history":[{"count":7,"href":"https:\/\/jprietovalles.com\/ca\/wp-json\/wp\/v2\/pages\/2697\/revisions"}],"predecessor-version":[{"id":2863,"href":"https:\/\/jprietovalles.com\/ca\/wp-json\/wp\/v2\/pages\/2697\/revisions\/2863"}],"wp:featuredmedia":[{"embeddable":true,"href":"https:\/\/jprietovalles.com\/ca\/wp-json\/wp\/v2\/media\/2627"}],"wp:attachment":[{"href":"https:\/\/jprietovalles.com\/ca\/wp-json\/wp\/v2\/media?parent=2697"}],"curies":[{"name":"wp","href":"https:\/\/api.w.org\/{rel}","templated":true}]}}